{"id":7231,"date":"2019-12-04T19:24:43","date_gmt":"2019-12-04T19:24:43","guid":{"rendered":"https:\/\/www.guidelondon.org.uk\/a-propos-de-guide-london\/"},"modified":"2020-08-17T21:11:12","modified_gmt":"2020-08-17T20:11:12","slug":"a-propos-de-guide-london","status":"publish","type":"page","link":"https:\/\/www.guidelondon.org.uk\/fr\/a-propos-de-guide-london\/","title":{"rendered":"A propos de \u2018Guide London\u2019"},"content":{"rendered":"<p>Bienvenue sur le site de \u2018Guide London\u2019<\/p>\n<p>1989\u202f: c\u2019est l\u2019ann\u00e9e de la chute du Mur de Berlin et du lancement du projet \u2018World Wide Web\u2019 par l&rsquo;informaticien anglais Tim Berners-Lee\u202f; c\u2019est aussi l\u2019ann\u00e9e o\u00f9 environ 80 guides touristiques dipl\u00f4m\u00e9s, les guides \u2018Blue Badge\u2019, forment <em><strong>l&rsquo;Association des Guides Touristiques Professionnels (l\u2019APTG).<\/strong><\/em><\/p>\n<p>L\u2019objectif de\u202fl\u2019association APTG \u00e9tait de permettre aux agences de voyages et aux touristes priv\u00e9s de trouver plus facilement un guide professionnel sp\u00e9cialiste de Londres &#8211; alors une ville en plein essor touristique -. Il s\u2019agissait \u00e9galement de permettre aux guides <a href=\"https:\/\/www.guidelondon.org.uk\/blue-badge-tourist-guides\/\" target=\"_blank\" rel=\"noopener noreferrer\"><strong>\u2018Blue Badge\u2019<\/strong><\/a> d\u2019am\u00e9liorer leurs comp\u00e9tences professionnelles en participant \u00e0 des s\u00e9ances de formation continue.<\/p>\n<p>L\u2019influence de cette association, d\u00e9sormais connue sous le nom de \u2018Guide London\u2019, s\u2019est renforc\u00e9e au fil des ans; en 2014, \u2018Guide London\u2019 a f\u00eat\u00e9 ses 25 ans.<\/p>\n<p>Nos guides \u2018Blue Badge\u2019 viennent de milieux professionnels les plus divers: enseignants, acteurs, fonctionnaires, entrepreneurs, avocats et bien d\u2019autres\u2026 Chaque guide \u2018Blue Badge\u2019 vous offrira des visites du plus haut niveau, \u00e0 l\u2019image de notre association professionnelle.<\/p>\n<p><center><a href=\"https:\/\/www.guidelondon.org.uk\/fr\/guidematch\/\" target=\"_blank\" rel=\"attachment noopener wp-att-1689 noreferrer\"><img loading=\"lazy\" decoding=\"async\" class=\"alignnone wp-image-9811 size-full\" src=\"https:\/\/www.guidelondon.org.uk\/wp-content\/uploads\/2015\/08\/guidematch-bbtg-page-186height-2.jpg\" alt=\"Guide Londres - trouver un guide touristique Blue Badge en utilisant notre service GuideMatch. \" width=\"934\" height=\"186\" srcset=\"https:\/\/www.guidelondon.org.uk\/wp-content\/uploads\/2015\/08\/guidematch-bbtg-page-186height-2.jpg 934w, https:\/\/www.guidelondon.org.uk\/wp-content\/uploads\/2015\/08\/guidematch-bbtg-page-186height-2-300x60.jpg 300w, https:\/\/www.guidelondon.org.uk\/wp-content\/uploads\/2015\/08\/guidematch-bbtg-page-186height-2-768x153.jpg 768w\" sizes=\"auto, (max-width: 934px) 100vw, 934px\" \/><\/a><\/center>&nbsp;<\/p>\n<p><center><iframe loading=\"lazy\" src=\"https:\/\/www.youtube.com\/embed\/fXm-faiku4U?rel=0\" width=\"934\" height=\"480\" frameborder=\"0\" allowfullscreen=\"allowfullscreen\"><\/iframe><\/center><\/p>\n","protected":false},"excerpt":{"rendered":"<p>Bienvenue sur le site de \u2018Guide London\u2019 1989\u202f: c\u2019est l\u2019ann\u00e9e de la chute du Mur de Berlin et du lancement [&hellip;]<\/p>\n","protected":false},"author":1495,"featured_media":0,"parent":0,"menu_order":0,"comment_status":"closed","ping_status":"closed","template":"","meta":{"_acf_changed":false,"footnotes":"","_links_to":"","_links_to_target":""},"class_list":["post-7231","page","type-page","status-publish","hentry"],"acf":[],"yoast_head":"<!-- This site is optimized with the Yoast SEO plugin v26.6 - https:\/\/yoast.com\/wordpress\/plugins\/seo\/ -->\n<title>A propos de \u2018Guide London\u2019 - Cr\u00e9\u00e9 en 1989 | nom du Guide London<\/title>\n<meta name=\"description\" content=\"Avec plus de 500 guides touristiques Blue Badge en tant que membres et en croissance tout le temps, guide London est reconnu comme un acteur majeur sur le march\u00e9 du tourisme londonien.\" \/>\n<meta name=\"robots\" content=\"index, follow, max-snippet:-1, max-image-preview:large, max-video-preview:-1\" \/>\n<link rel=\"canonical\" href=\"https:\/\/www.guidelondon.org.uk\/fr\/a-propos-de-guide-london\/\" \/>\n<meta property=\"og:locale\" content=\"fr_FR\" \/>\n<meta property=\"og:type\" content=\"article\" \/>\n<meta property=\"og:title\" content=\"A propos de \u2018Guide London\u2019 - Cr\u00e9\u00e9 en 1989 | nom du Guide London\" \/>\n<meta property=\"og:description\" content=\"Avec plus de 500 guides touristiques Blue Badge en tant que membres et en croissance tout le temps, guide London est reconnu comme un acteur majeur sur le march\u00e9 du tourisme londonien.\" \/>\n<meta property=\"og:url\" content=\"http:\/\/www.guidelondon.org.uk\/fr\/a-propos-de-guide-london\/\" \/>\n<meta property=\"og:site_name\" content=\"Guide London\" \/>\n<meta property=\"article:publisher\" content=\"https:\/\/www.facebook.com\/GuideLondonAPTG\" \/>\n<meta property=\"article:modified_time\" content=\"2020-08-17T20:11:12+00:00\" \/>\n<meta property=\"og:image\" content=\"https:\/\/www.guidelondon.org.uk\/wp-content\/uploads\/2015\/08\/guidematch-bbtg-page-186height-2.jpg\" \/>\n\t<meta property=\"og:image:width\" content=\"934\" \/>\n\t<meta property=\"og:image:height\" content=\"186\" \/>\n\t<meta property=\"og:image:type\" content=\"image\/jpeg\" \/>\n<meta name=\"twitter:card\" content=\"summary_large_image\" \/>\n<meta name=\"twitter:site\" content=\"@guidelondon\" \/>\n<meta name=\"twitter:label1\" content=\"Dur\u00e9e de lecture estim\u00e9e\" \/>\n\t<meta name=\"twitter:data1\" content=\"1 minute\" \/>\n<script type=\"application\/ld+json\" class=\"yoast-schema-graph\">{\"@context\":\"https:\/\/schema.org\",\"@graph\":[{\"@type\":\"WebPage\",\"@id\":\"https:\/\/www.guidelondon.org.uk\/fr\/a-propos-de-guide-london\/\",\"url\":\"https:\/\/www.guidelondon.org.uk\/fr\/a-propos-de-guide-london\/\",\"name\":\"A propos de \u2018Guide London\u2019 - Cr\u00e9\u00e9 en 1989 | nom du Guide London\",\"isPartOf\":{\"@id\":\"https:\/\/www.guidelondon.org.uk\/#website\"},\"primaryImageOfPage\":{\"@id\":\"https:\/\/www.guidelondon.org.uk\/fr\/a-propos-de-guide-london\/#primaryimage\"},\"image\":{\"@id\":\"https:\/\/www.guidelondon.org.uk\/fr\/a-propos-de-guide-london\/#primaryimage\"},\"thumbnailUrl\":\"https:\/\/www.guidelondon.org.uk\/wp-content\/uploads\/2015\/08\/guidematch-bbtg-page-186height-2.jpg\",\"datePublished\":\"2019-12-04T19:24:43+00:00\",\"dateModified\":\"2020-08-17T20:11:12+00:00\",\"description\":\"Avec plus de 500 guides touristiques Blue Badge en tant que membres et en croissance tout le temps, guide London est reconnu comme un acteur majeur sur le march\u00e9 du tourisme londonien.\",\"breadcrumb\":{\"@id\":\"https:\/\/www.guidelondon.org.uk\/fr\/a-propos-de-guide-london\/#breadcrumb\"},\"inLanguage\":\"fr-FR\",\"potentialAction\":[{\"@type\":\"ReadAction\",\"target\":[\"https:\/\/www.guidelondon.org.uk\/fr\/a-propos-de-guide-london\/\"]}]},{\"@type\":\"ImageObject\",\"inLanguage\":\"fr-FR\",\"@id\":\"https:\/\/www.guidelondon.org.uk\/fr\/a-propos-de-guide-london\/#primaryimage\",\"url\":\"https:\/\/www.guidelondon.org.uk\/wp-content\/uploads\/2015\/08\/guidematch-bbtg-page-186height-2.jpg\",\"contentUrl\":\"https:\/\/www.guidelondon.org.uk\/wp-content\/uploads\/2015\/08\/guidematch-bbtg-page-186height-2.jpg\"},{\"@type\":\"BreadcrumbList\",\"@id\":\"https:\/\/www.guidelondon.org.uk\/fr\/a-propos-de-guide-london\/#breadcrumb\",\"itemListElement\":[{\"@type\":\"ListItem\",\"position\":1,\"name\":\"Home\",\"item\":\"https:\/\/mail.guidelondon.org.uk\/fr\/\"},{\"@type\":\"ListItem\",\"position\":2,\"name\":\"A propos de \u2018Guide London\u2019\"}]},{\"@type\":\"WebSite\",\"@id\":\"https:\/\/www.guidelondon.org.uk\/#website\",\"url\":\"https:\/\/www.guidelondon.org.uk\/\",\"name\":\"Guide London\",\"description\":\"London&#039;s Association of Professional Tourist Guides (APTG)\",\"potentialAction\":[{\"@type\":\"SearchAction\",\"target\":{\"@type\":\"EntryPoint\",\"urlTemplate\":\"https:\/\/www.guidelondon.org.uk\/?s={search_term_string}\"},\"query-input\":{\"@type\":\"PropertyValueSpecification\",\"valueRequired\":true,\"valueName\":\"search_term_string\"}}],\"inLanguage\":\"fr-FR\"}]}<\/script>\n<!-- \/ Yoast SEO plugin. -->","yoast_head_json":{"title":"A propos de \u2018Guide London\u2019 - Cr\u00e9\u00e9 en 1989 | nom du Guide London","description":"Avec plus de 500 guides touristiques Blue Badge en tant que membres et en croissance tout le temps, guide London est reconnu comme un acteur majeur sur le march\u00e9 du tourisme londonien.","robots":{"index":"index","follow":"follow","max-snippet":"max-snippet:-1","max-image-preview":"max-image-preview:large","max-video-preview":"max-video-preview:-1"},"canonical":"https:\/\/www.guidelondon.org.uk\/fr\/a-propos-de-guide-london\/","og_locale":"fr_FR","og_type":"article","og_title":"A propos de \u2018Guide London\u2019 - Cr\u00e9\u00e9 en 1989 | nom du Guide London","og_description":"Avec plus de 500 guides touristiques Blue Badge en tant que membres et en croissance tout le temps, guide London est reconnu comme un acteur majeur sur le march\u00e9 du tourisme londonien.","og_url":"http:\/\/www.guidelondon.org.uk\/fr\/a-propos-de-guide-london\/","og_site_name":"Guide London","article_publisher":"https:\/\/www.facebook.com\/GuideLondonAPTG","article_modified_time":"2020-08-17T20:11:12+00:00","og_image":[{"width":934,"height":186,"url":"https:\/\/www.guidelondon.org.uk\/wp-content\/uploads\/2015\/08\/guidematch-bbtg-page-186height-2.jpg","type":"image\/jpeg"}],"twitter_card":"summary_large_image","twitter_site":"@guidelondon","twitter_misc":{"Dur\u00e9e de lecture estim\u00e9e":"1 minute"},"schema":{"@context":"https:\/\/schema.org","@graph":[{"@type":"WebPage","@id":"https:\/\/www.guidelondon.org.uk\/fr\/a-propos-de-guide-london\/","url":"https:\/\/www.guidelondon.org.uk\/fr\/a-propos-de-guide-london\/","name":"A propos de \u2018Guide London\u2019 - Cr\u00e9\u00e9 en 1989 | nom du Guide London","isPartOf":{"@id":"https:\/\/www.guidelondon.org.uk\/#website"},"primaryImageOfPage":{"@id":"https:\/\/www.guidelondon.org.uk\/fr\/a-propos-de-guide-london\/#primaryimage"},"image":{"@id":"https:\/\/www.guidelondon.org.uk\/fr\/a-propos-de-guide-london\/#primaryimage"},"thumbnailUrl":"https:\/\/www.guidelondon.org.uk\/wp-content\/uploads\/2015\/08\/guidematch-bbtg-page-186height-2.jpg","datePublished":"2019-12-04T19:24:43+00:00","dateModified":"2020-08-17T20:11:12+00:00","description":"Avec plus de 500 guides touristiques Blue Badge en tant que membres et en croissance tout le temps, guide London est reconnu comme un acteur majeur sur le march\u00e9 du tourisme londonien.","breadcrumb":{"@id":"https:\/\/www.guidelondon.org.uk\/fr\/a-propos-de-guide-london\/#breadcrumb"},"inLanguage":"fr-FR","potentialAction":[{"@type":"ReadAction","target":["https:\/\/www.guidelondon.org.uk\/fr\/a-propos-de-guide-london\/"]}]},{"@type":"ImageObject","inLanguage":"fr-FR","@id":"https:\/\/www.guidelondon.org.uk\/fr\/a-propos-de-guide-london\/#primaryimage","url":"https:\/\/www.guidelondon.org.uk\/wp-content\/uploads\/2015\/08\/guidematch-bbtg-page-186height-2.jpg","contentUrl":"https:\/\/www.guidelondon.org.uk\/wp-content\/uploads\/2015\/08\/guidematch-bbtg-page-186height-2.jpg"},{"@type":"BreadcrumbList","@id":"https:\/\/www.guidelondon.org.uk\/fr\/a-propos-de-guide-london\/#breadcrumb","itemListElement":[{"@type":"ListItem","position":1,"name":"Home","item":"https:\/\/mail.guidelondon.org.uk\/fr\/"},{"@type":"ListItem","position":2,"name":"A propos de \u2018Guide London\u2019"}]},{"@type":"WebSite","@id":"https:\/\/www.guidelondon.org.uk\/#website","url":"https:\/\/www.guidelondon.org.uk\/","name":"Guide London","description":"London&#039;s Association of Professional Tourist Guides (APTG)","potentialAction":[{"@type":"SearchAction","target":{"@type":"EntryPoint","urlTemplate":"https:\/\/www.guidelondon.org.uk\/?s={search_term_string}"},"query-input":{"@type":"PropertyValueSpecification","valueRequired":true,"valueName":"search_term_string"}}],"inLanguage":"fr-FR"}]}},"_links":{"self":[{"href":"https:\/\/www.guidelondon.org.uk\/fr\/wp-json\/wp\/v2\/pages\/7231","targetHints":{"allow":["GET"]}}],"collection":[{"href":"https:\/\/www.guidelondon.org.uk\/fr\/wp-json\/wp\/v2\/pages"}],"about":[{"href":"https:\/\/www.guidelondon.org.uk\/fr\/wp-json\/wp\/v2\/types\/page"}],"author":[{"embeddable":true,"href":"https:\/\/www.guidelondon.org.uk\/fr\/wp-json\/wp\/v2\/users\/1495"}],"replies":[{"embeddable":true,"href":"https:\/\/www.guidelondon.org.uk\/fr\/wp-json\/wp\/v2\/comments?post=7231"}],"version-history":[{"count":11,"href":"https:\/\/www.guidelondon.org.uk\/fr\/wp-json\/wp\/v2\/pages\/7231\/revisions"}],"predecessor-version":[{"id":7232,"href":"https:\/\/www.guidelondon.org.uk\/fr\/wp-json\/wp\/v2\/pages\/7231\/revisions\/7232"}],"wp:attachment":[{"href":"https:\/\/www.guidelondon.org.uk\/fr\/wp-json\/wp\/v2\/media?parent=7231"}],"curies":[{"name":"wp","href":"https:\/\/api.w.org\/{rel}","templated":true}]}}