{"id":7221,"date":"2019-12-04T18:47:50","date_gmt":"2019-12-04T18:47:50","guid":{"rendered":"https:\/\/www.guidelondon.org.uk\/frais\/"},"modified":"2025-12-04T09:49:25","modified_gmt":"2025-12-04T09:49:25","slug":"tarifs","status":"publish","type":"page","link":"https:\/\/www.guidelondon.org.uk\/fr\/tarifs\/","title":{"rendered":"Tarifs"},"content":{"rendered":"<p><a href=\"https:\/\/www.guidelondon.org.uk\/fr\/trouver-un-guide\/\"><img loading=\"lazy\" decoding=\"async\" class=\"alignright wp-image-10183\" src=\"https:\/\/www.guidelondon.org.uk\/wp-content\/uploads\/2015\/08\/find-a-guide-button-small.jpg\" alt=\"Find A Guide \" width=\"300\" height=\"313\" srcset=\"https:\/\/www.guidelondon.org.uk\/wp-content\/uploads\/2015\/08\/find-a-guide-button-small.jpg 600w, https:\/\/www.guidelondon.org.uk\/wp-content\/uploads\/2015\/08\/find-a-guide-button-small-288x300.jpg 288w\" sizes=\"auto, (max-width: 300px) 100vw, 300px\" \/><\/a><\/p>\n<p>Les guides touristiques Blue Badge travaillent \u00e0 leur compte. Il est donc important d\u2019\u00e9tablir \u00e0 l\u2019avance avec eux le co\u00fbt de la visite guid\u00e9e ainsi que les clauses du contrat de travail. Il y a un suppl\u00e9ment tarifaire pour toutes les visites en langues \u00e9trang\u00e8res, sauf en anglais.<\/p>\n<p>Les guides-chauffeurs Blue Badge proposent des visites en voiture priv\u00e9e, dont l\u2019itin\u00e9raire est \u00e0 fixer \u00e0 l\u2019avance avec le client. Ces visites peuvent durer une demi-journ\u00e9e, une journ\u00e9e enti\u00e8re, voire plusieurs jours. La visite peut avoir lieu \u00e0 Londres ou aux alentours, ou bien faire partie d\u2019un circuit de plusieurs jours. Le tarif d\u00e9pend du nombre de personnes, de la dur\u00e9e de la visite et de la distance parcourue. Il y a un suppl\u00e9ment tarifaire pour toutes les visites en langues \u00e9trang\u00e8res, sauf en anglais.<\/p>\n<p>Les guides touristiques et les guides-chauffeurs Blue Badge travaillent \u00e0 la demi-journ\u00e9e ou \u00e0 la journ\u00e9e compl\u00e8te:<\/p>\n<ul>\n<li>Les demi-journ\u00e9es ont une dur\u00e9e de 4 heures au maximum\u202f: le matin jusqu\u2019\u00e0 13h ou l\u2019apr\u00e8s-midi \u00e0 partir de 13h30.<\/li>\n<li>Les journ\u00e9es compl\u00e8tes ont une dur\u00e9e de 9 heures au maximum, jusqu\u2019\u00e0 18h.<\/li>\n<\/ul>\n<p><strong>Les tarifs suivants sont en vigueur du 1er avril 2025 au 31 mars 2026:<\/strong><\/p>\n<ul>\n<li>Les tarifs pour les visites en anglais\u202f: \u00e0 partir de \u00a3218 pour la demi-journ\u00e9e \/ \u00a3356 pour la journ\u00e9e compl\u00e8te.<\/li>\n<li>Les tarifs pour les visites en Fran\u00e7ais (ou toute autre langue \u00e9trang\u00e8re)\u202f: \u00e0 partir de \u00a3246 pour la demi-journ\u00e9e\u202f \/ \u00a3391 pour la journ\u00e9e compl\u00e8te.<\/li>\n<\/ul>\n<p><strong>Les tarifs suivants sont en vigueur du 1er avril 2026 au 31 mars 2027:<\/strong><\/p>\n<ul>\n<li>Les tarifs pour les visites en anglais\u202f: \u00e0 partir de \u00a3229 pour la demi-journ\u00e9e\u202f \/ \u00a3374 pour la journ\u00e9e compl\u00e8te.<\/li>\n<li>Les tarifs pour les visites en Fran\u00e7ais (ou toute autre langue \u00e9trang\u00e8re)\u202f: \u00e0 partir de \u00a3258 pour la demi-journ\u00e9e \/ \u00a3411 pour la journ\u00e9e compl\u00e8te.<\/li>\n<\/ul>\n<p><a href=\"https:\/\/www.guidelondon.org.uk\/fr\/guidematch\/\" target=\"_blank\" rel=\"attachment wp-att-1689 noopener noreferrer\"><img loading=\"lazy\" decoding=\"async\" class=\"alignnone wp-image-9811 size-full\" src=\"https:\/\/www.guidelondon.org.uk\/wp-content\/uploads\/2015\/08\/guidematch-bbtg-page-186height-2.jpg\" alt=\"Guide Londres - trouver un guide touristique Blue Badge en utilisant notre service GuideMatch. \" width=\"934\" height=\"186\" srcset=\"https:\/\/www.guidelondon.org.uk\/wp-content\/uploads\/2015\/08\/guidematch-bbtg-page-186height-2.jpg 934w, https:\/\/www.guidelondon.org.uk\/wp-content\/uploads\/2015\/08\/guidematch-bbtg-page-186height-2-300x60.jpg 300w, https:\/\/www.guidelondon.org.uk\/wp-content\/uploads\/2015\/08\/guidematch-bbtg-page-186height-2-768x153.jpg 768w\" sizes=\"auto, (max-width: 934px) 100vw, 934px\" \/><\/a><\/p>\n<p>***<\/p>\n<p>N.B. Les conditions d\u2019annulation sont les suivantes:<\/p>\n<p>Pour un d\u00e9lai de moins de 96 heures (4 jours) avant le d\u00e9but de la visite: 100% du prix de la visite \u00e0 r\u00e9gler.<\/p>\n<p>Pour un d\u00e9lai de 10 jours avant le d\u00e9but de la visite: 50% du prix de la visite \u00e0 r\u00e9gler.<\/p>\n<p>Les guides touristiques Blue Badge travaillent g\u00e9n\u00e9ralement selon les clauses du contrat \u00e9nonc\u00e9es dans les pi\u00e8ces en attach\u00e9. Nous vous conseillons de contacter le guide afin de revoir les modalit\u00e9s de votre visite et de confirmer le tarif et les clauses du contrat.<\/p>\n<p><strong>Guides Blue Badge<\/strong><\/p>\n<ul>\n<li><a href=\"https:\/\/www.guidelondon.org.uk\/wp-content\/uploads\/2024\/05\/APTG-Tarifs-2025-2026.pdf\" target=\"_blank\" rel=\"noopener\">Guides Blue Badge: tarifs professionels 2025-2026<\/a><\/li>\n<li><a href=\"https:\/\/www.guidelondon.org.uk\/wp-content\/uploads\/2025\/05\/APTG-Tarifs-2026-2027.pdf\" target=\"_blank\" rel=\"noopener\">Guides Blue Badge: tarifs professionels 2026-2027<\/a><\/li>\n<\/ul>\n<p><strong>Guide Chauffeur<\/strong><\/p>\n<ul>\n<li><a href=\"https:\/\/www.guidelondon.org.uk\/wp-content\/uploads\/2024\/11\/APTG-Tarifs-des-Guides-Chauffeurs-2025-2026.pdf\" target=\"_blank\" rel=\"noopener\">Guide-chauffeur Blue Badge\u202f: tarifs professionnels 2025 &#8211; 2026<\/a><\/li>\n<li><a href=\"https:\/\/www.guidelondon.org.uk\/wp-content\/uploads\/2025\/12\/APTG-Tarifs-des-Guides-Chauffeurs-2026-2027.pdf\" target=\"_blank\" rel=\"noopener\">Guide-chauffeur Blue Badge\u202f: tarifs professionnels 2026 &#8211; 2027<\/a><\/li>\n<\/ul>\n","protected":false},"excerpt":{"rendered":"<p>Les guides touristiques Blue Badge travaillent \u00e0 leur compte. Il est donc important d\u2019\u00e9tablir \u00e0 l\u2019avance avec eux le co\u00fbt [&hellip;]<\/p>\n","protected":false},"author":1495,"featured_media":0,"parent":0,"menu_order":0,"comment_status":"open","ping_status":"closed","template":"","meta":{"_acf_changed":false,"footnotes":"","_links_to":"","_links_to_target":""},"class_list":["post-7221","page","type-page","status-publish","hentry"],"acf":[],"yoast_head":"<!-- This site is optimized with the Yoast SEO plugin v26.6 - https:\/\/yoast.com\/wordpress\/plugins\/seo\/ -->\n<title>Tarifs pour Blue Badge Tourist Guides in London | Guide London<\/title>\n<meta name=\"description\" content=\"Les guides touristiques Blue Badge travaillent \u00e0 leur compte. Il est donc important d\u2019\u00e9tablir \u00e0 l\u2019avance avec eux le co\u00fbt de la visite guid\u00e9e ainsi que\" \/>\n<meta name=\"robots\" content=\"index, follow, max-snippet:-1, max-image-preview:large, max-video-preview:-1\" \/>\n<link rel=\"canonical\" href=\"https:\/\/www.guidelondon.org.uk\/fr\/tarifs\/\" \/>\n<meta property=\"og:locale\" content=\"fr_FR\" \/>\n<meta property=\"og:type\" content=\"article\" \/>\n<meta property=\"og:title\" content=\"Tarifs pour Blue Badge Tourist Guides in London | Guide London\" \/>\n<meta property=\"og:description\" content=\"Les guides touristiques Blue Badge travaillent \u00e0 leur compte. Il est donc important d\u2019\u00e9tablir \u00e0 l\u2019avance avec eux le co\u00fbt de la visite guid\u00e9e ainsi que\" \/>\n<meta property=\"og:url\" content=\"http:\/\/www.guidelondon.org.uk\/fr\/tarifs\/\" \/>\n<meta property=\"og:site_name\" content=\"Guide London\" \/>\n<meta property=\"article:publisher\" content=\"https:\/\/www.facebook.com\/GuideLondonAPTG\" \/>\n<meta property=\"article:modified_time\" content=\"2025-12-04T09:49:25+00:00\" \/>\n<meta property=\"og:image\" content=\"https:\/\/www.guidelondon.org.uk\/wp-content\/uploads\/2015\/08\/find-a-guide-button-small.jpg\" \/>\n\t<meta property=\"og:image:width\" content=\"600\" \/>\n\t<meta property=\"og:image:height\" content=\"626\" \/>\n\t<meta property=\"og:image:type\" content=\"image\/jpeg\" \/>\n<meta name=\"twitter:card\" content=\"summary_large_image\" \/>\n<meta name=\"twitter:site\" content=\"@guidelondon\" \/>\n<meta name=\"twitter:label1\" content=\"Dur\u00e9e de lecture estim\u00e9e\" \/>\n\t<meta name=\"twitter:data1\" content=\"3 minutes\" \/>\n<script type=\"application\/ld+json\" class=\"yoast-schema-graph\">{\"@context\":\"https:\/\/schema.org\",\"@graph\":[{\"@type\":\"WebPage\",\"@id\":\"https:\/\/www.guidelondon.org.uk\/fr\/tarifs\/\",\"url\":\"https:\/\/www.guidelondon.org.uk\/fr\/tarifs\/\",\"name\":\"Tarifs pour Blue Badge Tourist Guides in London | Guide London\",\"isPartOf\":{\"@id\":\"https:\/\/www.guidelondon.org.uk\/#website\"},\"primaryImageOfPage\":{\"@id\":\"https:\/\/www.guidelondon.org.uk\/fr\/tarifs\/#primaryimage\"},\"image\":{\"@id\":\"https:\/\/www.guidelondon.org.uk\/fr\/tarifs\/#primaryimage\"},\"thumbnailUrl\":\"https:\/\/www.guidelondon.org.uk\/wp-content\/uploads\/2015\/08\/find-a-guide-button-small.jpg\",\"datePublished\":\"2019-12-04T18:47:50+00:00\",\"dateModified\":\"2025-12-04T09:49:25+00:00\",\"description\":\"Les guides touristiques Blue Badge travaillent \u00e0 leur compte. Il est donc important d\u2019\u00e9tablir \u00e0 l\u2019avance avec eux le co\u00fbt de la visite guid\u00e9e ainsi que\",\"breadcrumb\":{\"@id\":\"https:\/\/www.guidelondon.org.uk\/fr\/tarifs\/#breadcrumb\"},\"inLanguage\":\"fr-FR\",\"potentialAction\":[{\"@type\":\"ReadAction\",\"target\":[\"https:\/\/www.guidelondon.org.uk\/fr\/tarifs\/\"]}]},{\"@type\":\"ImageObject\",\"inLanguage\":\"fr-FR\",\"@id\":\"https:\/\/www.guidelondon.org.uk\/fr\/tarifs\/#primaryimage\",\"url\":\"https:\/\/www.guidelondon.org.uk\/wp-content\/uploads\/2015\/08\/find-a-guide-button-small.jpg\",\"contentUrl\":\"https:\/\/www.guidelondon.org.uk\/wp-content\/uploads\/2015\/08\/find-a-guide-button-small.jpg\"},{\"@type\":\"BreadcrumbList\",\"@id\":\"https:\/\/www.guidelondon.org.uk\/fr\/tarifs\/#breadcrumb\",\"itemListElement\":[{\"@type\":\"ListItem\",\"position\":1,\"name\":\"Home\",\"item\":\"https:\/\/mail.guidelondon.org.uk\/fr\/\"},{\"@type\":\"ListItem\",\"position\":2,\"name\":\"Tarifs\"}]},{\"@type\":\"WebSite\",\"@id\":\"https:\/\/www.guidelondon.org.uk\/#website\",\"url\":\"https:\/\/www.guidelondon.org.uk\/\",\"name\":\"Guide London\",\"description\":\"London&#039;s Association of Professional Tourist Guides (APTG)\",\"potentialAction\":[{\"@type\":\"SearchAction\",\"target\":{\"@type\":\"EntryPoint\",\"urlTemplate\":\"https:\/\/www.guidelondon.org.uk\/?s={search_term_string}\"},\"query-input\":{\"@type\":\"PropertyValueSpecification\",\"valueRequired\":true,\"valueName\":\"search_term_string\"}}],\"inLanguage\":\"fr-FR\"}]}<\/script>\n<!-- \/ Yoast SEO plugin. -->","yoast_head_json":{"title":"Tarifs pour Blue Badge Tourist Guides in London | Guide London","description":"Les guides touristiques Blue Badge travaillent \u00e0 leur compte. Il est donc important d\u2019\u00e9tablir \u00e0 l\u2019avance avec eux le co\u00fbt de la visite guid\u00e9e ainsi que","robots":{"index":"index","follow":"follow","max-snippet":"max-snippet:-1","max-image-preview":"max-image-preview:large","max-video-preview":"max-video-preview:-1"},"canonical":"https:\/\/www.guidelondon.org.uk\/fr\/tarifs\/","og_locale":"fr_FR","og_type":"article","og_title":"Tarifs pour Blue Badge Tourist Guides in London | Guide London","og_description":"Les guides touristiques Blue Badge travaillent \u00e0 leur compte. Il est donc important d\u2019\u00e9tablir \u00e0 l\u2019avance avec eux le co\u00fbt de la visite guid\u00e9e ainsi que","og_url":"http:\/\/www.guidelondon.org.uk\/fr\/tarifs\/","og_site_name":"Guide London","article_publisher":"https:\/\/www.facebook.com\/GuideLondonAPTG","article_modified_time":"2025-12-04T09:49:25+00:00","og_image":[{"width":600,"height":626,"url":"https:\/\/www.guidelondon.org.uk\/wp-content\/uploads\/2015\/08\/find-a-guide-button-small.jpg","type":"image\/jpeg"}],"twitter_card":"summary_large_image","twitter_site":"@guidelondon","twitter_misc":{"Dur\u00e9e de lecture estim\u00e9e":"3 minutes"},"schema":{"@context":"https:\/\/schema.org","@graph":[{"@type":"WebPage","@id":"https:\/\/www.guidelondon.org.uk\/fr\/tarifs\/","url":"https:\/\/www.guidelondon.org.uk\/fr\/tarifs\/","name":"Tarifs pour Blue Badge Tourist Guides in London | Guide London","isPartOf":{"@id":"https:\/\/www.guidelondon.org.uk\/#website"},"primaryImageOfPage":{"@id":"https:\/\/www.guidelondon.org.uk\/fr\/tarifs\/#primaryimage"},"image":{"@id":"https:\/\/www.guidelondon.org.uk\/fr\/tarifs\/#primaryimage"},"thumbnailUrl":"https:\/\/www.guidelondon.org.uk\/wp-content\/uploads\/2015\/08\/find-a-guide-button-small.jpg","datePublished":"2019-12-04T18:47:50+00:00","dateModified":"2025-12-04T09:49:25+00:00","description":"Les guides touristiques Blue Badge travaillent \u00e0 leur compte. Il est donc important d\u2019\u00e9tablir \u00e0 l\u2019avance avec eux le co\u00fbt de la visite guid\u00e9e ainsi que","breadcrumb":{"@id":"https:\/\/www.guidelondon.org.uk\/fr\/tarifs\/#breadcrumb"},"inLanguage":"fr-FR","potentialAction":[{"@type":"ReadAction","target":["https:\/\/www.guidelondon.org.uk\/fr\/tarifs\/"]}]},{"@type":"ImageObject","inLanguage":"fr-FR","@id":"https:\/\/www.guidelondon.org.uk\/fr\/tarifs\/#primaryimage","url":"https:\/\/www.guidelondon.org.uk\/wp-content\/uploads\/2015\/08\/find-a-guide-button-small.jpg","contentUrl":"https:\/\/www.guidelondon.org.uk\/wp-content\/uploads\/2015\/08\/find-a-guide-button-small.jpg"},{"@type":"BreadcrumbList","@id":"https:\/\/www.guidelondon.org.uk\/fr\/tarifs\/#breadcrumb","itemListElement":[{"@type":"ListItem","position":1,"name":"Home","item":"https:\/\/mail.guidelondon.org.uk\/fr\/"},{"@type":"ListItem","position":2,"name":"Tarifs"}]},{"@type":"WebSite","@id":"https:\/\/www.guidelondon.org.uk\/#website","url":"https:\/\/www.guidelondon.org.uk\/","name":"Guide London","description":"London&#039;s Association of Professional Tourist Guides (APTG)","potentialAction":[{"@type":"SearchAction","target":{"@type":"EntryPoint","urlTemplate":"https:\/\/www.guidelondon.org.uk\/?s={search_term_string}"},"query-input":{"@type":"PropertyValueSpecification","valueRequired":true,"valueName":"search_term_string"}}],"inLanguage":"fr-FR"}]}},"_links":{"self":[{"href":"https:\/\/www.guidelondon.org.uk\/fr\/wp-json\/wp\/v2\/pages\/7221","targetHints":{"allow":["GET"]}}],"collection":[{"href":"https:\/\/www.guidelondon.org.uk\/fr\/wp-json\/wp\/v2\/pages"}],"about":[{"href":"https:\/\/www.guidelondon.org.uk\/fr\/wp-json\/wp\/v2\/types\/page"}],"author":[{"embeddable":true,"href":"https:\/\/www.guidelondon.org.uk\/fr\/wp-json\/wp\/v2\/users\/1495"}],"replies":[{"embeddable":true,"href":"https:\/\/www.guidelondon.org.uk\/fr\/wp-json\/wp\/v2\/comments?post=7221"}],"version-history":[{"count":45,"href":"https:\/\/www.guidelondon.org.uk\/fr\/wp-json\/wp\/v2\/pages\/7221\/revisions"}],"predecessor-version":[{"id":16642,"href":"https:\/\/www.guidelondon.org.uk\/fr\/wp-json\/wp\/v2\/pages\/7221\/revisions\/16642"}],"wp:attachment":[{"href":"https:\/\/www.guidelondon.org.uk\/fr\/wp-json\/wp\/v2\/media?parent=7221"}],"curies":[{"name":"wp","href":"https:\/\/api.w.org\/{rel}","templated":true}]}}