{"id":7218,"date":"2019-12-04T18:39:49","date_gmt":"2019-12-04T18:39:49","guid":{"rendered":"https:\/\/www.guidelondon.org.uk\/trouver-un-guide-recherche-de-guides-qualifies-a-londres\/"},"modified":"2020-08-17T21:53:12","modified_gmt":"2020-08-17T20:53:12","slug":"trouver-un-guide","status":"publish","type":"page","link":"https:\/\/www.guidelondon.org.uk\/fr\/trouver-un-guide\/","title":{"rendered":"Trouver un guide"},"content":{"rendered":"<p>En embauchant un guide touristique Blue Badge de Londres, vous faites appel \u00e0 un guide sp\u00e9cialiste de la ville, dont les connaissances et le professionnalisme ont \u00e9t\u00e9 certifi\u00e9s par l\u2019obtention du dipl\u00f4me de \u2018Blue Badge tourist guide\u2019.<\/p>\n<p>Pour trouver un guide, il suffit d\u2019indiquer votre date de visite et de cliquer sur la case \u2018Trouver un guide\u2019. Cliquez sur la case des langues pour trouver les guides parlant la v\u00f4tre. Si vous cherchez un guide en particulier, tapez son nom dans la case ci-dessous et cliquez sur \u2018Trouver un guide\u2019. Vous pouvez \u00e9galement faire une recherche plus ponctuelle en ajoutant des crit\u00e8res de recherche plus pr\u00e9cis, par mots-cl\u00e9s ou par domaines de connaissances.<\/p>\n<p>Les guides touristiques Blue Badge de Londres sous l\u2019\u00e9gide de Guide London sont membres de l\u00b4Association of Professional Tourist Guides\u2019 (APTG)\u202f; celle-ci leur fournit une assurance civile.<\/p>\n<p>Tous les guides touristiques Blue Badge de Londres sont dipl\u00f4m\u00e9s pour faire des visites guid\u00e9es des principaux sites touristiques de Londres et des environs.<\/p>\n","protected":false},"excerpt":{"rendered":"<p>En embauchant un guide touristique Blue Badge de Londres, vous faites appel \u00e0 un guide sp\u00e9cialiste de la ville, dont [&hellip;]<\/p>\n","protected":false},"author":1495,"featured_media":0,"parent":0,"menu_order":0,"comment_status":"closed","ping_status":"closed","template":"page-guides.php","meta":{"_acf_changed":false,"footnotes":"","_links_to":"","_links_to_target":""},"class_list":["post-7218","page","type-page","status-publish","hentry"],"acf":[],"yoast_head":"<!-- This site is optimized with the Yoast SEO plugin v26.6 - https:\/\/yoast.com\/wordpress\/plugins\/seo\/ -->\n<title>Trouver un guide - Guides touristiques \u00e0 Londres | Guide London<\/title>\n<meta name=\"description\" content=\"Recherchez des guides touristiques \u00e0 Londres \u00e0 l&#039;aide de notre fonction Trouver un guide. Vous pouvez trouver un guide touristique qualifi\u00e9 de Londres \u00e0 la recherche par date, langue, et sujet de visite.\" \/>\n<meta name=\"robots\" content=\"index, follow, max-snippet:-1, max-image-preview:large, max-video-preview:-1\" \/>\n<link rel=\"canonical\" href=\"https:\/\/www.guidelondon.org.uk\/fr\/trouver-un-guide\/\" \/>\n<meta property=\"og:locale\" content=\"fr_FR\" \/>\n<meta property=\"og:type\" content=\"article\" \/>\n<meta property=\"og:title\" content=\"Trouver un guide - Guides touristiques \u00e0 Londres | Guide London\" \/>\n<meta property=\"og:description\" content=\"Recherchez des guides touristiques \u00e0 Londres \u00e0 l&#039;aide de notre fonction Trouver un guide. Vous pouvez trouver un guide touristique qualifi\u00e9 de Londres \u00e0 la recherche par date, langue, et sujet de visite.\" \/>\n<meta property=\"og:url\" content=\"http:\/\/www.guidelondon.org.uk\/fr\/trouver-un-guide\/\" \/>\n<meta property=\"og:site_name\" content=\"Guide London\" \/>\n<meta property=\"article:publisher\" content=\"https:\/\/www.facebook.com\/GuideLondonAPTG\" \/>\n<meta property=\"article:modified_time\" content=\"2020-08-17T20:53:12+00:00\" \/>\n<meta name=\"twitter:card\" content=\"summary_large_image\" \/>\n<meta name=\"twitter:site\" content=\"@guidelondon\" \/>\n<meta name=\"twitter:label1\" content=\"Dur\u00e9e de lecture estim\u00e9e\" \/>\n\t<meta name=\"twitter:data1\" content=\"1 minute\" \/>\n<script type=\"application\/ld+json\" class=\"yoast-schema-graph\">{\"@context\":\"https:\/\/schema.org\",\"@graph\":[{\"@type\":\"WebPage\",\"@id\":\"https:\/\/www.guidelondon.org.uk\/fr\/trouver-un-guide\/\",\"url\":\"https:\/\/www.guidelondon.org.uk\/fr\/trouver-un-guide\/\",\"name\":\"Trouver un guide - Guides touristiques \u00e0 Londres | Guide London\",\"isPartOf\":{\"@id\":\"https:\/\/www.guidelondon.org.uk\/#website\"},\"datePublished\":\"2019-12-04T18:39:49+00:00\",\"dateModified\":\"2020-08-17T20:53:12+00:00\",\"description\":\"Recherchez des guides touristiques \u00e0 Londres \u00e0 l'aide de notre fonction Trouver un guide. Vous pouvez trouver un guide touristique qualifi\u00e9 de Londres \u00e0 la recherche par date, langue, et sujet de visite.\",\"breadcrumb\":{\"@id\":\"https:\/\/www.guidelondon.org.uk\/fr\/trouver-un-guide\/#breadcrumb\"},\"inLanguage\":\"fr-FR\",\"potentialAction\":[{\"@type\":\"ReadAction\",\"target\":[\"https:\/\/www.guidelondon.org.uk\/fr\/trouver-un-guide\/\"]}]},{\"@type\":\"BreadcrumbList\",\"@id\":\"https:\/\/www.guidelondon.org.uk\/fr\/trouver-un-guide\/#breadcrumb\",\"itemListElement\":[{\"@type\":\"ListItem\",\"position\":1,\"name\":\"Home\",\"item\":\"https:\/\/mail.guidelondon.org.uk\/fr\/\"},{\"@type\":\"ListItem\",\"position\":2,\"name\":\"Trouver un guide\"}]},{\"@type\":\"WebSite\",\"@id\":\"https:\/\/www.guidelondon.org.uk\/#website\",\"url\":\"https:\/\/www.guidelondon.org.uk\/\",\"name\":\"Guide London\",\"description\":\"London&#039;s Association of Professional Tourist Guides (APTG)\",\"potentialAction\":[{\"@type\":\"SearchAction\",\"target\":{\"@type\":\"EntryPoint\",\"urlTemplate\":\"https:\/\/www.guidelondon.org.uk\/?s={search_term_string}\"},\"query-input\":{\"@type\":\"PropertyValueSpecification\",\"valueRequired\":true,\"valueName\":\"search_term_string\"}}],\"inLanguage\":\"fr-FR\"}]}<\/script>\n<!-- \/ Yoast SEO plugin. -->","yoast_head_json":{"title":"Trouver un guide - Guides touristiques \u00e0 Londres | Guide London","description":"Recherchez des guides touristiques \u00e0 Londres \u00e0 l'aide de notre fonction Trouver un guide. Vous pouvez trouver un guide touristique qualifi\u00e9 de Londres \u00e0 la recherche par date, langue, et sujet de visite.","robots":{"index":"index","follow":"follow","max-snippet":"max-snippet:-1","max-image-preview":"max-image-preview:large","max-video-preview":"max-video-preview:-1"},"canonical":"https:\/\/www.guidelondon.org.uk\/fr\/trouver-un-guide\/","og_locale":"fr_FR","og_type":"article","og_title":"Trouver un guide - Guides touristiques \u00e0 Londres | Guide London","og_description":"Recherchez des guides touristiques \u00e0 Londres \u00e0 l'aide de notre fonction Trouver un guide. Vous pouvez trouver un guide touristique qualifi\u00e9 de Londres \u00e0 la recherche par date, langue, et sujet de visite.","og_url":"http:\/\/www.guidelondon.org.uk\/fr\/trouver-un-guide\/","og_site_name":"Guide London","article_publisher":"https:\/\/www.facebook.com\/GuideLondonAPTG","article_modified_time":"2020-08-17T20:53:12+00:00","twitter_card":"summary_large_image","twitter_site":"@guidelondon","twitter_misc":{"Dur\u00e9e de lecture estim\u00e9e":"1 minute"},"schema":{"@context":"https:\/\/schema.org","@graph":[{"@type":"WebPage","@id":"https:\/\/www.guidelondon.org.uk\/fr\/trouver-un-guide\/","url":"https:\/\/www.guidelondon.org.uk\/fr\/trouver-un-guide\/","name":"Trouver un guide - Guides touristiques \u00e0 Londres | Guide London","isPartOf":{"@id":"https:\/\/www.guidelondon.org.uk\/#website"},"datePublished":"2019-12-04T18:39:49+00:00","dateModified":"2020-08-17T20:53:12+00:00","description":"Recherchez des guides touristiques \u00e0 Londres \u00e0 l'aide de notre fonction Trouver un guide. Vous pouvez trouver un guide touristique qualifi\u00e9 de Londres \u00e0 la recherche par date, langue, et sujet de visite.","breadcrumb":{"@id":"https:\/\/www.guidelondon.org.uk\/fr\/trouver-un-guide\/#breadcrumb"},"inLanguage":"fr-FR","potentialAction":[{"@type":"ReadAction","target":["https:\/\/www.guidelondon.org.uk\/fr\/trouver-un-guide\/"]}]},{"@type":"BreadcrumbList","@id":"https:\/\/www.guidelondon.org.uk\/fr\/trouver-un-guide\/#breadcrumb","itemListElement":[{"@type":"ListItem","position":1,"name":"Home","item":"https:\/\/mail.guidelondon.org.uk\/fr\/"},{"@type":"ListItem","position":2,"name":"Trouver un guide"}]},{"@type":"WebSite","@id":"https:\/\/www.guidelondon.org.uk\/#website","url":"https:\/\/www.guidelondon.org.uk\/","name":"Guide London","description":"London&#039;s Association of Professional Tourist Guides (APTG)","potentialAction":[{"@type":"SearchAction","target":{"@type":"EntryPoint","urlTemplate":"https:\/\/www.guidelondon.org.uk\/?s={search_term_string}"},"query-input":{"@type":"PropertyValueSpecification","valueRequired":true,"valueName":"search_term_string"}}],"inLanguage":"fr-FR"}]}},"_links":{"self":[{"href":"https:\/\/www.guidelondon.org.uk\/fr\/wp-json\/wp\/v2\/pages\/7218","targetHints":{"allow":["GET"]}}],"collection":[{"href":"https:\/\/www.guidelondon.org.uk\/fr\/wp-json\/wp\/v2\/pages"}],"about":[{"href":"https:\/\/www.guidelondon.org.uk\/fr\/wp-json\/wp\/v2\/types\/page"}],"author":[{"embeddable":true,"href":"https:\/\/www.guidelondon.org.uk\/fr\/wp-json\/wp\/v2\/users\/1495"}],"replies":[{"embeddable":true,"href":"https:\/\/www.guidelondon.org.uk\/fr\/wp-json\/wp\/v2\/comments?post=7218"}],"version-history":[{"count":10,"href":"https:\/\/www.guidelondon.org.uk\/fr\/wp-json\/wp\/v2\/pages\/7218\/revisions"}],"predecessor-version":[{"id":9184,"href":"https:\/\/www.guidelondon.org.uk\/fr\/wp-json\/wp\/v2\/pages\/7218\/revisions\/9184"}],"wp:attachment":[{"href":"https:\/\/www.guidelondon.org.uk\/fr\/wp-json\/wp\/v2\/media?parent=7218"}],"curies":[{"name":"wp","href":"https:\/\/api.w.org\/{rel}","templated":true}]}}