{"id":7205,"date":"2019-12-04T18:06:11","date_gmt":"2019-12-04T18:06:11","guid":{"rendered":"https:\/\/www.guidelondon.org.uk\/inscrivez-vous-a-la-newsletter-guide-london\/"},"modified":"2020-08-17T21:55:58","modified_gmt":"2020-08-17T20:55:58","slug":"newsletter","status":"publish","type":"page","link":"https:\/\/www.guidelondon.org.uk\/fr\/newsletter\/","title":{"rendered":"Newsletter"},"content":{"rendered":"<p>D\u00e9couvrez la destination touristique la plus recherch\u00e9e gr\u00e2ce \u00e0 la Newsletter de Guide London. Trouvez des id\u00e9es et des suggestions de balades et de visites pour votre prochain s\u00e9jour en compagnie d\u2019un guide touristique Blue Badge de Londres. Visionnez des photos et vid\u00e9os sensationnelles, suivez les derni\u00e8res offres, suggestions et comp\u00e9titions, et restez au courant de tout ce qui se passe \u00e0 Londres!<\/p>\n<p><strong>Enregistrez-vous d\u00e8s aujourd\u2019hui!<\/strong><\/p>\n<p><a href=\"https:\/\/www.guidelondon.org.uk\/wp-content\/uploads\/2015\/11\/London_Tower-Bridge.jpg\"><img loading=\"lazy\" decoding=\"async\" class=\"size-full wp-image-3003\" src=\"https:\/\/www.guidelondon.org.uk\/wp-content\/uploads\/2015\/11\/London_Tower-Bridge.jpg\" alt=\"Pont de tour de Londres. Cr\u00e9dit photo: \u00a9Raw2Jpeg\/Pixabay. \" width=\"2449\" height=\"1633\" srcset=\"https:\/\/www.guidelondon.org.uk\/wp-content\/uploads\/2015\/11\/London_Tower-Bridge.jpg 1920w, https:\/\/www.guidelondon.org.uk\/wp-content\/uploads\/2015\/11\/London_Tower-Bridge-300x200.jpg 300w, https:\/\/www.guidelondon.org.uk\/wp-content\/uploads\/2015\/11\/London_Tower-Bridge-768x512.jpg 768w, https:\/\/www.guidelondon.org.uk\/wp-content\/uploads\/2015\/11\/London_Tower-Bridge-1024x683.jpg 1024w\" sizes=\"auto, (max-width: 2449px) 100vw, 2449px\" \/><\/a><\/p>\n","protected":false},"excerpt":{"rendered":"<p>D\u00e9couvrez la destination touristique la plus recherch\u00e9e gr\u00e2ce \u00e0 la Newsletter de Guide London. Trouvez des id\u00e9es et des suggestions [&hellip;]<\/p>\n","protected":false},"author":1495,"featured_media":0,"parent":0,"menu_order":0,"comment_status":"closed","ping_status":"closed","template":"page-signup.php","meta":{"_acf_changed":false,"footnotes":"","_links_to":"","_links_to_target":""},"class_list":["post-7205","page","type-page","status-publish","hentry"],"acf":[],"yoast_head":"<!-- This site is optimized with the Yoast SEO plugin v26.6 - https:\/\/yoast.com\/wordpress\/plugins\/seo\/ -->\n<title>Newsletter | Guide London<\/title>\n<meta name=\"description\" content=\"D\u00e9couvrez la destination touristique la plus recherch\u00e9e gr\u00e2ce \u00e0 la Newsletter de Guide London. Trouvez des id\u00e9es et des suggestions de balades et de\" \/>\n<meta name=\"robots\" content=\"index, follow, max-snippet:-1, max-image-preview:large, max-video-preview:-1\" \/>\n<link rel=\"canonical\" href=\"https:\/\/www.guidelondon.org.uk\/fr\/newsletter\/\" \/>\n<meta property=\"og:locale\" content=\"fr_FR\" \/>\n<meta property=\"og:type\" content=\"article\" \/>\n<meta property=\"og:title\" content=\"Newsletter | Guide London\" \/>\n<meta property=\"og:description\" content=\"D\u00e9couvrez la destination touristique la plus recherch\u00e9e gr\u00e2ce \u00e0 la Newsletter de Guide London. Trouvez des id\u00e9es et des suggestions de balades et de\" \/>\n<meta property=\"og:url\" content=\"http:\/\/www.guidelondon.org.uk\/fr\/newsletter\/\" \/>\n<meta property=\"og:site_name\" content=\"Guide London\" \/>\n<meta property=\"article:publisher\" content=\"https:\/\/www.facebook.com\/GuideLondonAPTG\" \/>\n<meta property=\"article:modified_time\" content=\"2020-08-17T20:55:58+00:00\" \/>\n<meta property=\"og:image\" content=\"https:\/\/www.guidelondon.org.uk\/wp-content\/uploads\/2015\/11\/London_Tower-Bridge.jpg\" \/>\n\t<meta property=\"og:image:width\" content=\"1920\" \/>\n\t<meta property=\"og:image:height\" content=\"1280\" \/>\n\t<meta property=\"og:image:type\" content=\"image\/jpeg\" \/>\n<meta name=\"twitter:card\" content=\"summary_large_image\" \/>\n<meta name=\"twitter:site\" content=\"@guidelondon\" \/>\n<script type=\"application\/ld+json\" class=\"yoast-schema-graph\">{\"@context\":\"https:\/\/schema.org\",\"@graph\":[{\"@type\":\"WebPage\",\"@id\":\"https:\/\/www.guidelondon.org.uk\/fr\/newsletter\/\",\"url\":\"https:\/\/www.guidelondon.org.uk\/fr\/newsletter\/\",\"name\":\"Newsletter | Guide London\",\"isPartOf\":{\"@id\":\"https:\/\/www.guidelondon.org.uk\/#website\"},\"primaryImageOfPage\":{\"@id\":\"https:\/\/www.guidelondon.org.uk\/fr\/newsletter\/#primaryimage\"},\"image\":{\"@id\":\"https:\/\/www.guidelondon.org.uk\/fr\/newsletter\/#primaryimage\"},\"thumbnailUrl\":\"https:\/\/www.guidelondon.org.uk\/wp-content\/uploads\/2015\/11\/London_Tower-Bridge.jpg\",\"datePublished\":\"2019-12-04T18:06:11+00:00\",\"dateModified\":\"2020-08-17T20:55:58+00:00\",\"description\":\"D\u00e9couvrez la destination touristique la plus recherch\u00e9e gr\u00e2ce \u00e0 la Newsletter de Guide London. Trouvez des id\u00e9es et des suggestions de balades et de\",\"breadcrumb\":{\"@id\":\"https:\/\/www.guidelondon.org.uk\/fr\/newsletter\/#breadcrumb\"},\"inLanguage\":\"fr-FR\",\"potentialAction\":[{\"@type\":\"ReadAction\",\"target\":[\"https:\/\/www.guidelondon.org.uk\/fr\/newsletter\/\"]}]},{\"@type\":\"ImageObject\",\"inLanguage\":\"fr-FR\",\"@id\":\"https:\/\/www.guidelondon.org.uk\/fr\/newsletter\/#primaryimage\",\"url\":\"https:\/\/www.guidelondon.org.uk\/wp-content\/uploads\/2015\/11\/London_Tower-Bridge.jpg\",\"contentUrl\":\"https:\/\/www.guidelondon.org.uk\/wp-content\/uploads\/2015\/11\/London_Tower-Bridge.jpg\"},{\"@type\":\"BreadcrumbList\",\"@id\":\"https:\/\/www.guidelondon.org.uk\/fr\/newsletter\/#breadcrumb\",\"itemListElement\":[{\"@type\":\"ListItem\",\"position\":1,\"name\":\"Home\",\"item\":\"https:\/\/mail.guidelondon.org.uk\/fr\/\"},{\"@type\":\"ListItem\",\"position\":2,\"name\":\"Newsletter\"}]},{\"@type\":\"WebSite\",\"@id\":\"https:\/\/www.guidelondon.org.uk\/#website\",\"url\":\"https:\/\/www.guidelondon.org.uk\/\",\"name\":\"Guide London\",\"description\":\"London&#039;s Association of Professional Tourist Guides (APTG)\",\"potentialAction\":[{\"@type\":\"SearchAction\",\"target\":{\"@type\":\"EntryPoint\",\"urlTemplate\":\"https:\/\/www.guidelondon.org.uk\/?s={search_term_string}\"},\"query-input\":{\"@type\":\"PropertyValueSpecification\",\"valueRequired\":true,\"valueName\":\"search_term_string\"}}],\"inLanguage\":\"fr-FR\"}]}<\/script>\n<!-- \/ Yoast SEO plugin. -->","yoast_head_json":{"title":"Newsletter | Guide London","description":"D\u00e9couvrez la destination touristique la plus recherch\u00e9e gr\u00e2ce \u00e0 la Newsletter de Guide London. Trouvez des id\u00e9es et des suggestions de balades et de","robots":{"index":"index","follow":"follow","max-snippet":"max-snippet:-1","max-image-preview":"max-image-preview:large","max-video-preview":"max-video-preview:-1"},"canonical":"https:\/\/www.guidelondon.org.uk\/fr\/newsletter\/","og_locale":"fr_FR","og_type":"article","og_title":"Newsletter | Guide London","og_description":"D\u00e9couvrez la destination touristique la plus recherch\u00e9e gr\u00e2ce \u00e0 la Newsletter de Guide London. Trouvez des id\u00e9es et des suggestions de balades et de","og_url":"http:\/\/www.guidelondon.org.uk\/fr\/newsletter\/","og_site_name":"Guide London","article_publisher":"https:\/\/www.facebook.com\/GuideLondonAPTG","article_modified_time":"2020-08-17T20:55:58+00:00","og_image":[{"width":1920,"height":1280,"url":"https:\/\/www.guidelondon.org.uk\/wp-content\/uploads\/2015\/11\/London_Tower-Bridge.jpg","type":"image\/jpeg"}],"twitter_card":"summary_large_image","twitter_site":"@guidelondon","schema":{"@context":"https:\/\/schema.org","@graph":[{"@type":"WebPage","@id":"https:\/\/www.guidelondon.org.uk\/fr\/newsletter\/","url":"https:\/\/www.guidelondon.org.uk\/fr\/newsletter\/","name":"Newsletter | Guide London","isPartOf":{"@id":"https:\/\/www.guidelondon.org.uk\/#website"},"primaryImageOfPage":{"@id":"https:\/\/www.guidelondon.org.uk\/fr\/newsletter\/#primaryimage"},"image":{"@id":"https:\/\/www.guidelondon.org.uk\/fr\/newsletter\/#primaryimage"},"thumbnailUrl":"https:\/\/www.guidelondon.org.uk\/wp-content\/uploads\/2015\/11\/London_Tower-Bridge.jpg","datePublished":"2019-12-04T18:06:11+00:00","dateModified":"2020-08-17T20:55:58+00:00","description":"D\u00e9couvrez la destination touristique la plus recherch\u00e9e gr\u00e2ce \u00e0 la Newsletter de Guide London. Trouvez des id\u00e9es et des suggestions de balades et de","breadcrumb":{"@id":"https:\/\/www.guidelondon.org.uk\/fr\/newsletter\/#breadcrumb"},"inLanguage":"fr-FR","potentialAction":[{"@type":"ReadAction","target":["https:\/\/www.guidelondon.org.uk\/fr\/newsletter\/"]}]},{"@type":"ImageObject","inLanguage":"fr-FR","@id":"https:\/\/www.guidelondon.org.uk\/fr\/newsletter\/#primaryimage","url":"https:\/\/www.guidelondon.org.uk\/wp-content\/uploads\/2015\/11\/London_Tower-Bridge.jpg","contentUrl":"https:\/\/www.guidelondon.org.uk\/wp-content\/uploads\/2015\/11\/London_Tower-Bridge.jpg"},{"@type":"BreadcrumbList","@id":"https:\/\/www.guidelondon.org.uk\/fr\/newsletter\/#breadcrumb","itemListElement":[{"@type":"ListItem","position":1,"name":"Home","item":"https:\/\/mail.guidelondon.org.uk\/fr\/"},{"@type":"ListItem","position":2,"name":"Newsletter"}]},{"@type":"WebSite","@id":"https:\/\/www.guidelondon.org.uk\/#website","url":"https:\/\/www.guidelondon.org.uk\/","name":"Guide London","description":"London&#039;s Association of Professional Tourist Guides (APTG)","potentialAction":[{"@type":"SearchAction","target":{"@type":"EntryPoint","urlTemplate":"https:\/\/www.guidelondon.org.uk\/?s={search_term_string}"},"query-input":{"@type":"PropertyValueSpecification","valueRequired":true,"valueName":"search_term_string"}}],"inLanguage":"fr-FR"}]}},"_links":{"self":[{"href":"https:\/\/www.guidelondon.org.uk\/fr\/wp-json\/wp\/v2\/pages\/7205","targetHints":{"allow":["GET"]}}],"collection":[{"href":"https:\/\/www.guidelondon.org.uk\/fr\/wp-json\/wp\/v2\/pages"}],"about":[{"href":"https:\/\/www.guidelondon.org.uk\/fr\/wp-json\/wp\/v2\/types\/page"}],"author":[{"embeddable":true,"href":"https:\/\/www.guidelondon.org.uk\/fr\/wp-json\/wp\/v2\/users\/1495"}],"replies":[{"embeddable":true,"href":"https:\/\/www.guidelondon.org.uk\/fr\/wp-json\/wp\/v2\/comments?post=7205"}],"version-history":[{"count":5,"href":"https:\/\/www.guidelondon.org.uk\/fr\/wp-json\/wp\/v2\/pages\/7205\/revisions"}],"predecessor-version":[{"id":9044,"href":"https:\/\/www.guidelondon.org.uk\/fr\/wp-json\/wp\/v2\/pages\/7205\/revisions\/9044"}],"wp:attachment":[{"href":"https:\/\/www.guidelondon.org.uk\/fr\/wp-json\/wp\/v2\/media?parent=7205"}],"curies":[{"name":"wp","href":"https:\/\/api.w.org\/{rel}","templated":true}]}}