{"id":7153,"date":"2019-11-27T11:37:49","date_gmt":"2019-11-27T11:37:49","guid":{"rendered":"https:\/\/www.guidelondon.org.uk\/guidematch-en\/"},"modified":"2020-08-17T22:13:47","modified_gmt":"2020-08-17T21:13:47","slug":"guidematch","status":"publish","type":"page","link":"https:\/\/www.guidelondon.org.uk\/fr\/guidematch\/","title":{"rendered":"GuideMatch"},"content":{"rendered":"<p>&nbsp;<\/p>\n<p><img loading=\"lazy\" decoding=\"async\" class=\"wp-image-851 size-full alignright\" src=\"https:\/\/www.guidelondon.org.uk\/wp-content\/uploads\/2014\/06\/banner-guidematch.jpg\" alt=\"GuideMatch (en)\" width=\"450\" height=\"385\" srcset=\"https:\/\/www.guidelondon.org.uk\/wp-content\/uploads\/2014\/06\/banner-guidematch.jpg 450w, https:\/\/www.guidelondon.org.uk\/wp-content\/uploads\/2014\/06\/banner-guidematch-300x257.jpg 300w\" sizes=\"auto, (max-width: 450px) 100vw, 450px\" \/>GuideMatch est un outil exclusif du site Guide London. Il s\u2019adresse \u00e0 tous ceux qui ont besoin d\u2019aide et d\u2019inspiration pour trouver le guide touristique Blue Badge id\u00e9al \u00e0 Londres. Il vous suffit simplement de remplir le formulaire ci-dessous en indiquant vos pr\u00e9f\u00e9rences. Par exemple:<\/p>\n<p><strong>Date<\/strong> \u2013\u00c0 quelle date aimeriez-vous faire votre visite de Londres et\/ou de ses environs?<\/p>\n<p><strong>Langue<\/strong> \u2013 Notre \u00e9quipe de guides touristiques Blue Badge parle plus de 30 langues. \u00c0 vous de choisir.<\/p>\n<p><strong>Dur\u00e9e<\/strong> &#8211; Voulez-vous r\u00e9server un guide pour le matin seulement ou une journ\u00e9e compl\u00e8te? Peut-\u00eatre juste une apr\u00e8s-midi et la soir\u00e9e?<\/p>\n<p><strong>Se d\u00e9placer<\/strong> &#8211; Quel genre de transport pr\u00e9f\u00e9rez-vous? Voiture avec chauffeur ou transports public? Une visite \u00e0 pied ou en autocar?<\/p>\n<p><strong>Int\u00e9r\u00eats et besoins particuli\u00e8rs<\/strong> &#8211; Nous proposons une large gamme de visites \u00e0 Londres et dans ses environs: sites historiques, monuments incontournables, mais aussi des visites plus th\u00e9matiques et sp\u00e9cialis\u00e9es: dites-nous ce qui vous tente et nous trouverons la visite qu\u2019il vous faut.<\/p>\n<p><strong>Vos coordonn\u00e9es<\/strong> \u2013 donnez-nous votre adresse e-mail, votre num\u00e9ro de t\u00e9l\u00e9phone et le nombre de personnes dans votre groupe.<\/p>\n<p>En fonction de vos demandes, nous vous mettrons en contact avec trois guides touristiques Blue Badge de Londres, hautement qualifi\u00e9s et enthousiastes. Ils vous enverront un email pour vous confirmer leurs disponibilit\u00e9s, leurs tarifs et leurs suggestions de visites . Soyez assur\u00e9s qu\u2019un de nos 600+ guides touristiques Blue Badge saura rendre votre s\u00e9jour \u00e0 Londres inoubliable.<\/p>\n","protected":false},"excerpt":{"rendered":"<p>&nbsp; GuideMatch est un outil exclusif du site Guide London. Il s\u2019adresse \u00e0 tous ceux qui ont besoin d\u2019aide et [&hellip;]<\/p>\n","protected":false},"author":1495,"featured_media":0,"parent":0,"menu_order":0,"comment_status":"closed","ping_status":"closed","template":"page-guidematch.php","meta":{"_acf_changed":false,"footnotes":"","_links_to":"","_links_to_target":""},"class_list":["post-7153","page","type-page","status-publish","hentry"],"acf":[],"yoast_head":"<!-- This site is optimized with the Yoast SEO plugin v26.6 - https:\/\/yoast.com\/wordpress\/plugins\/seo\/ -->\n<title>Trouver un guide touristique de Londres via GuideMatch | Guide London<\/title>\n<meta name=\"description\" content=\"GuideMatch est un outil exclusif du site Guide London. Il s\u2019adresse \u00e0 tous ceux qui ont besoin d\u2019aide et d\u2019inspiration pour trouver le guide touristique Blue Badge id\u00e9al \u00e0 Londres.\" \/>\n<meta name=\"robots\" content=\"index, follow, max-snippet:-1, max-image-preview:large, max-video-preview:-1\" \/>\n<link rel=\"canonical\" href=\"https:\/\/www.guidelondon.org.uk\/fr\/guidematch\/\" \/>\n<meta property=\"og:locale\" content=\"fr_FR\" \/>\n<meta property=\"og:type\" content=\"article\" \/>\n<meta property=\"og:title\" content=\"Trouver un guide touristique de Londres via GuideMatch | Guide London\" \/>\n<meta property=\"og:description\" content=\"GuideMatch est un outil exclusif du site Guide London. Il s\u2019adresse \u00e0 tous ceux qui ont besoin d\u2019aide et d\u2019inspiration pour trouver le guide touristique Blue Badge id\u00e9al \u00e0 Londres.\" \/>\n<meta property=\"og:url\" content=\"http:\/\/www.guidelondon.org.uk\/fr\/guidematch\/\" \/>\n<meta property=\"og:site_name\" content=\"Guide London\" \/>\n<meta property=\"article:publisher\" content=\"https:\/\/www.facebook.com\/GuideLondonAPTG\" \/>\n<meta property=\"article:modified_time\" content=\"2020-08-17T21:13:47+00:00\" \/>\n<meta property=\"og:image\" content=\"https:\/\/www.guidelondon.org.uk\/wp-content\/uploads\/2014\/06\/banner-guidematch.jpg\" \/>\n\t<meta property=\"og:image:width\" content=\"450\" \/>\n\t<meta property=\"og:image:height\" content=\"385\" \/>\n\t<meta property=\"og:image:type\" content=\"image\/jpeg\" \/>\n<meta name=\"twitter:card\" content=\"summary_large_image\" \/>\n<meta name=\"twitter:site\" content=\"@guidelondon\" \/>\n<meta name=\"twitter:label1\" content=\"Dur\u00e9e de lecture estim\u00e9e\" \/>\n\t<meta name=\"twitter:data1\" content=\"1 minute\" \/>\n<script type=\"application\/ld+json\" class=\"yoast-schema-graph\">{\"@context\":\"https:\/\/schema.org\",\"@graph\":[{\"@type\":\"WebPage\",\"@id\":\"https:\/\/www.guidelondon.org.uk\/fr\/guidematch\/\",\"url\":\"https:\/\/www.guidelondon.org.uk\/fr\/guidematch\/\",\"name\":\"Trouver un guide touristique de Londres via GuideMatch | Guide London\",\"isPartOf\":{\"@id\":\"https:\/\/www.guidelondon.org.uk\/#website\"},\"primaryImageOfPage\":{\"@id\":\"https:\/\/www.guidelondon.org.uk\/fr\/guidematch\/#primaryimage\"},\"image\":{\"@id\":\"https:\/\/www.guidelondon.org.uk\/fr\/guidematch\/#primaryimage\"},\"thumbnailUrl\":\"https:\/\/www.guidelondon.org.uk\/wp-content\/uploads\/2014\/06\/banner-guidematch.jpg\",\"datePublished\":\"2019-11-27T11:37:49+00:00\",\"dateModified\":\"2020-08-17T21:13:47+00:00\",\"description\":\"GuideMatch est un outil exclusif du site Guide London. Il s\u2019adresse \u00e0 tous ceux qui ont besoin d\u2019aide et d\u2019inspiration pour trouver le guide touristique Blue Badge id\u00e9al \u00e0 Londres.\",\"breadcrumb\":{\"@id\":\"https:\/\/www.guidelondon.org.uk\/fr\/guidematch\/#breadcrumb\"},\"inLanguage\":\"fr-FR\",\"potentialAction\":[{\"@type\":\"ReadAction\",\"target\":[\"https:\/\/www.guidelondon.org.uk\/fr\/guidematch\/\"]}]},{\"@type\":\"ImageObject\",\"inLanguage\":\"fr-FR\",\"@id\":\"https:\/\/www.guidelondon.org.uk\/fr\/guidematch\/#primaryimage\",\"url\":\"https:\/\/www.guidelondon.org.uk\/wp-content\/uploads\/2014\/06\/banner-guidematch.jpg\",\"contentUrl\":\"https:\/\/www.guidelondon.org.uk\/wp-content\/uploads\/2014\/06\/banner-guidematch.jpg\"},{\"@type\":\"BreadcrumbList\",\"@id\":\"https:\/\/www.guidelondon.org.uk\/fr\/guidematch\/#breadcrumb\",\"itemListElement\":[{\"@type\":\"ListItem\",\"position\":1,\"name\":\"Home\",\"item\":\"https:\/\/mail.guidelondon.org.uk\/fr\/\"},{\"@type\":\"ListItem\",\"position\":2,\"name\":\"GuideMatch\"}]},{\"@type\":\"WebSite\",\"@id\":\"https:\/\/www.guidelondon.org.uk\/#website\",\"url\":\"https:\/\/www.guidelondon.org.uk\/\",\"name\":\"Guide London\",\"description\":\"London&#039;s Association of Professional Tourist Guides (APTG)\",\"potentialAction\":[{\"@type\":\"SearchAction\",\"target\":{\"@type\":\"EntryPoint\",\"urlTemplate\":\"https:\/\/www.guidelondon.org.uk\/?s={search_term_string}\"},\"query-input\":{\"@type\":\"PropertyValueSpecification\",\"valueRequired\":true,\"valueName\":\"search_term_string\"}}],\"inLanguage\":\"fr-FR\"}]}<\/script>\n<!-- \/ Yoast SEO plugin. -->","yoast_head_json":{"title":"Trouver un guide touristique de Londres via GuideMatch | Guide London","description":"GuideMatch est un outil exclusif du site Guide London. Il s\u2019adresse \u00e0 tous ceux qui ont besoin d\u2019aide et d\u2019inspiration pour trouver le guide touristique Blue Badge id\u00e9al \u00e0 Londres.","robots":{"index":"index","follow":"follow","max-snippet":"max-snippet:-1","max-image-preview":"max-image-preview:large","max-video-preview":"max-video-preview:-1"},"canonical":"https:\/\/www.guidelondon.org.uk\/fr\/guidematch\/","og_locale":"fr_FR","og_type":"article","og_title":"Trouver un guide touristique de Londres via GuideMatch | Guide London","og_description":"GuideMatch est un outil exclusif du site Guide London. Il s\u2019adresse \u00e0 tous ceux qui ont besoin d\u2019aide et d\u2019inspiration pour trouver le guide touristique Blue Badge id\u00e9al \u00e0 Londres.","og_url":"http:\/\/www.guidelondon.org.uk\/fr\/guidematch\/","og_site_name":"Guide London","article_publisher":"https:\/\/www.facebook.com\/GuideLondonAPTG","article_modified_time":"2020-08-17T21:13:47+00:00","og_image":[{"width":450,"height":385,"url":"https:\/\/www.guidelondon.org.uk\/wp-content\/uploads\/2014\/06\/banner-guidematch.jpg","type":"image\/jpeg"}],"twitter_card":"summary_large_image","twitter_site":"@guidelondon","twitter_misc":{"Dur\u00e9e de lecture estim\u00e9e":"1 minute"},"schema":{"@context":"https:\/\/schema.org","@graph":[{"@type":"WebPage","@id":"https:\/\/www.guidelondon.org.uk\/fr\/guidematch\/","url":"https:\/\/www.guidelondon.org.uk\/fr\/guidematch\/","name":"Trouver un guide touristique de Londres via GuideMatch | Guide London","isPartOf":{"@id":"https:\/\/www.guidelondon.org.uk\/#website"},"primaryImageOfPage":{"@id":"https:\/\/www.guidelondon.org.uk\/fr\/guidematch\/#primaryimage"},"image":{"@id":"https:\/\/www.guidelondon.org.uk\/fr\/guidematch\/#primaryimage"},"thumbnailUrl":"https:\/\/www.guidelondon.org.uk\/wp-content\/uploads\/2014\/06\/banner-guidematch.jpg","datePublished":"2019-11-27T11:37:49+00:00","dateModified":"2020-08-17T21:13:47+00:00","description":"GuideMatch est un outil exclusif du site Guide London. Il s\u2019adresse \u00e0 tous ceux qui ont besoin d\u2019aide et d\u2019inspiration pour trouver le guide touristique Blue Badge id\u00e9al \u00e0 Londres.","breadcrumb":{"@id":"https:\/\/www.guidelondon.org.uk\/fr\/guidematch\/#breadcrumb"},"inLanguage":"fr-FR","potentialAction":[{"@type":"ReadAction","target":["https:\/\/www.guidelondon.org.uk\/fr\/guidematch\/"]}]},{"@type":"ImageObject","inLanguage":"fr-FR","@id":"https:\/\/www.guidelondon.org.uk\/fr\/guidematch\/#primaryimage","url":"https:\/\/www.guidelondon.org.uk\/wp-content\/uploads\/2014\/06\/banner-guidematch.jpg","contentUrl":"https:\/\/www.guidelondon.org.uk\/wp-content\/uploads\/2014\/06\/banner-guidematch.jpg"},{"@type":"BreadcrumbList","@id":"https:\/\/www.guidelondon.org.uk\/fr\/guidematch\/#breadcrumb","itemListElement":[{"@type":"ListItem","position":1,"name":"Home","item":"https:\/\/mail.guidelondon.org.uk\/fr\/"},{"@type":"ListItem","position":2,"name":"GuideMatch"}]},{"@type":"WebSite","@id":"https:\/\/www.guidelondon.org.uk\/#website","url":"https:\/\/www.guidelondon.org.uk\/","name":"Guide London","description":"London&#039;s Association of Professional Tourist Guides (APTG)","potentialAction":[{"@type":"SearchAction","target":{"@type":"EntryPoint","urlTemplate":"https:\/\/www.guidelondon.org.uk\/?s={search_term_string}"},"query-input":{"@type":"PropertyValueSpecification","valueRequired":true,"valueName":"search_term_string"}}],"inLanguage":"fr-FR"}]}},"_links":{"self":[{"href":"https:\/\/www.guidelondon.org.uk\/fr\/wp-json\/wp\/v2\/pages\/7153","targetHints":{"allow":["GET"]}}],"collection":[{"href":"https:\/\/www.guidelondon.org.uk\/fr\/wp-json\/wp\/v2\/pages"}],"about":[{"href":"https:\/\/www.guidelondon.org.uk\/fr\/wp-json\/wp\/v2\/types\/page"}],"author":[{"embeddable":true,"href":"https:\/\/www.guidelondon.org.uk\/fr\/wp-json\/wp\/v2\/users\/1495"}],"replies":[{"embeddable":true,"href":"https:\/\/www.guidelondon.org.uk\/fr\/wp-json\/wp\/v2\/comments?post=7153"}],"version-history":[{"count":17,"href":"https:\/\/www.guidelondon.org.uk\/fr\/wp-json\/wp\/v2\/pages\/7153\/revisions"}],"predecessor-version":[{"id":8674,"href":"https:\/\/www.guidelondon.org.uk\/fr\/wp-json\/wp\/v2\/pages\/7153\/revisions\/8674"}],"wp:attachment":[{"href":"https:\/\/www.guidelondon.org.uk\/fr\/wp-json\/wp\/v2\/media?parent=7153"}],"curies":[{"name":"wp","href":"https:\/\/api.w.org\/{rel}","templated":true}]}}