{"id":7143,"date":"2019-11-27T11:20:34","date_gmt":"2019-11-27T11:20:34","guid":{"rendered":"https:\/\/www.guidelondon.org.uk\/contactez-nous\/"},"modified":"2024-03-14T13:10:49","modified_gmt":"2024-03-14T13:10:49","slug":"contactez-nous","status":"publish","type":"page","link":"https:\/\/www.guidelondon.org.uk\/fr\/contactez-nous\/","title":{"rendered":"Contactez-nous"},"content":{"rendered":"<h3>Par la poste<\/h3>\n<p>Association des Guides Touristiques Professionnels<br \/>\n128, chemin Theobald<br \/>\nLondres<br \/>\nWC1X 8TN<\/p>\n<h3>Par t\u00e9l\u00e9phone<\/h3>\n<p>T\u00e9l. : <a href=\"tel:00442076112545\">44 (0)20 7611 2545<\/a><br \/>\nNum\u00e9ro de t\u00e9l\u00e9phone alternatif : <a href=\"tel:00442076112500\">&rsquo;44 (0)20 7611 2500<\/a><\/p>\n<h3>Par email<\/h3>\n<p>Envoyer vos requ\u00eates \u00e0 <a href=\"mailto:admin@guidelondon.org.uk?subject=New%20enquiry%20from%20Guide%20London%20website\">admin@guidelondon.org.uk<\/a><\/p>\n","protected":false},"excerpt":{"rendered":"<p>Par la poste Association des Guides Touristiques Professionnels 128, chemin Theobald Londres WC1X 8TN Par t\u00e9l\u00e9phone T\u00e9l. : 44 (0)20 [&hellip;]<\/p>\n","protected":false},"author":1495,"featured_media":0,"parent":0,"menu_order":0,"comment_status":"closed","ping_status":"closed","template":"page-contacts.php","meta":{"_acf_changed":false,"footnotes":"","_links_to":"","_links_to_target":""},"class_list":["post-7143","page","type-page","status-publish","hentry"],"acf":[],"yoast_head":"<!-- This site is optimized with the Yoast SEO plugin v26.6 - https:\/\/yoast.com\/wordpress\/plugins\/seo\/ -->\n<title>Contactez-nous | Guide London<\/title>\n<meta name=\"description\" content=\"Par la poste Association des Guides Touristiques Professionnels 128, chemin Theobald Londres WC1X 8TN Par t\u00e9l\u00e9phone T\u00e9l. : 44 (0)20 7611 2545 Num\u00e9ro de\" \/>\n<meta name=\"robots\" content=\"index, follow, max-snippet:-1, max-image-preview:large, max-video-preview:-1\" \/>\n<link rel=\"canonical\" href=\"https:\/\/www.guidelondon.org.uk\/fr\/contactez-nous\/\" \/>\n<meta property=\"og:locale\" content=\"fr_FR\" \/>\n<meta property=\"og:type\" content=\"article\" \/>\n<meta property=\"og:title\" content=\"Contactez-nous | Guide London\" \/>\n<meta property=\"og:description\" content=\"Par la poste Association des Guides Touristiques Professionnels 128, chemin Theobald Londres WC1X 8TN Par t\u00e9l\u00e9phone T\u00e9l. : 44 (0)20 7611 2545 Num\u00e9ro de\" \/>\n<meta property=\"og:url\" content=\"http:\/\/www.guidelondon.org.uk\/fr\/contactez-nous\/\" \/>\n<meta property=\"og:site_name\" content=\"Guide London\" \/>\n<meta property=\"article:publisher\" content=\"https:\/\/www.facebook.com\/GuideLondonAPTG\" \/>\n<meta property=\"article:modified_time\" content=\"2024-03-14T13:10:49+00:00\" \/>\n<meta name=\"twitter:card\" content=\"summary_large_image\" \/>\n<meta name=\"twitter:site\" content=\"@guidelondon\" \/>\n<meta name=\"twitter:label1\" content=\"Dur\u00e9e de lecture estim\u00e9e\" \/>\n\t<meta name=\"twitter:data1\" content=\"1 minute\" \/>\n<script type=\"application\/ld+json\" class=\"yoast-schema-graph\">{\"@context\":\"https:\/\/schema.org\",\"@graph\":[{\"@type\":\"WebPage\",\"@id\":\"https:\/\/www.guidelondon.org.uk\/fr\/contactez-nous\/\",\"url\":\"https:\/\/www.guidelondon.org.uk\/fr\/contactez-nous\/\",\"name\":\"Contactez-nous | Guide London\",\"isPartOf\":{\"@id\":\"https:\/\/www.guidelondon.org.uk\/#website\"},\"datePublished\":\"2019-11-27T11:20:34+00:00\",\"dateModified\":\"2024-03-14T13:10:49+00:00\",\"description\":\"Par la poste Association des Guides Touristiques Professionnels 128, chemin Theobald Londres WC1X 8TN Par t\u00e9l\u00e9phone T\u00e9l. : 44 (0)20 7611 2545 Num\u00e9ro de\",\"breadcrumb\":{\"@id\":\"https:\/\/www.guidelondon.org.uk\/fr\/contactez-nous\/#breadcrumb\"},\"inLanguage\":\"fr-FR\",\"potentialAction\":[{\"@type\":\"ReadAction\",\"target\":[\"https:\/\/www.guidelondon.org.uk\/fr\/contactez-nous\/\"]}]},{\"@type\":\"BreadcrumbList\",\"@id\":\"https:\/\/www.guidelondon.org.uk\/fr\/contactez-nous\/#breadcrumb\",\"itemListElement\":[{\"@type\":\"ListItem\",\"position\":1,\"name\":\"Home\",\"item\":\"https:\/\/mail.guidelondon.org.uk\/fr\/\"},{\"@type\":\"ListItem\",\"position\":2,\"name\":\"Contactez-nous\"}]},{\"@type\":\"WebSite\",\"@id\":\"https:\/\/www.guidelondon.org.uk\/#website\",\"url\":\"https:\/\/www.guidelondon.org.uk\/\",\"name\":\"Guide London\",\"description\":\"London&#039;s Association of Professional Tourist Guides (APTG)\",\"potentialAction\":[{\"@type\":\"SearchAction\",\"target\":{\"@type\":\"EntryPoint\",\"urlTemplate\":\"https:\/\/www.guidelondon.org.uk\/?s={search_term_string}\"},\"query-input\":{\"@type\":\"PropertyValueSpecification\",\"valueRequired\":true,\"valueName\":\"search_term_string\"}}],\"inLanguage\":\"fr-FR\"}]}<\/script>\n<!-- \/ Yoast SEO plugin. -->","yoast_head_json":{"title":"Contactez-nous | Guide London","description":"Par la poste Association des Guides Touristiques Professionnels 128, chemin Theobald Londres WC1X 8TN Par t\u00e9l\u00e9phone T\u00e9l. : 44 (0)20 7611 2545 Num\u00e9ro de","robots":{"index":"index","follow":"follow","max-snippet":"max-snippet:-1","max-image-preview":"max-image-preview:large","max-video-preview":"max-video-preview:-1"},"canonical":"https:\/\/www.guidelondon.org.uk\/fr\/contactez-nous\/","og_locale":"fr_FR","og_type":"article","og_title":"Contactez-nous | Guide London","og_description":"Par la poste Association des Guides Touristiques Professionnels 128, chemin Theobald Londres WC1X 8TN Par t\u00e9l\u00e9phone T\u00e9l. : 44 (0)20 7611 2545 Num\u00e9ro de","og_url":"http:\/\/www.guidelondon.org.uk\/fr\/contactez-nous\/","og_site_name":"Guide London","article_publisher":"https:\/\/www.facebook.com\/GuideLondonAPTG","article_modified_time":"2024-03-14T13:10:49+00:00","twitter_card":"summary_large_image","twitter_site":"@guidelondon","twitter_misc":{"Dur\u00e9e de lecture estim\u00e9e":"1 minute"},"schema":{"@context":"https:\/\/schema.org","@graph":[{"@type":"WebPage","@id":"https:\/\/www.guidelondon.org.uk\/fr\/contactez-nous\/","url":"https:\/\/www.guidelondon.org.uk\/fr\/contactez-nous\/","name":"Contactez-nous | Guide London","isPartOf":{"@id":"https:\/\/www.guidelondon.org.uk\/#website"},"datePublished":"2019-11-27T11:20:34+00:00","dateModified":"2024-03-14T13:10:49+00:00","description":"Par la poste Association des Guides Touristiques Professionnels 128, chemin Theobald Londres WC1X 8TN Par t\u00e9l\u00e9phone T\u00e9l. : 44 (0)20 7611 2545 Num\u00e9ro de","breadcrumb":{"@id":"https:\/\/www.guidelondon.org.uk\/fr\/contactez-nous\/#breadcrumb"},"inLanguage":"fr-FR","potentialAction":[{"@type":"ReadAction","target":["https:\/\/www.guidelondon.org.uk\/fr\/contactez-nous\/"]}]},{"@type":"BreadcrumbList","@id":"https:\/\/www.guidelondon.org.uk\/fr\/contactez-nous\/#breadcrumb","itemListElement":[{"@type":"ListItem","position":1,"name":"Home","item":"https:\/\/mail.guidelondon.org.uk\/fr\/"},{"@type":"ListItem","position":2,"name":"Contactez-nous"}]},{"@type":"WebSite","@id":"https:\/\/www.guidelondon.org.uk\/#website","url":"https:\/\/www.guidelondon.org.uk\/","name":"Guide London","description":"London&#039;s Association of Professional Tourist Guides (APTG)","potentialAction":[{"@type":"SearchAction","target":{"@type":"EntryPoint","urlTemplate":"https:\/\/www.guidelondon.org.uk\/?s={search_term_string}"},"query-input":{"@type":"PropertyValueSpecification","valueRequired":true,"valueName":"search_term_string"}}],"inLanguage":"fr-FR"}]}},"_links":{"self":[{"href":"https:\/\/www.guidelondon.org.uk\/fr\/wp-json\/wp\/v2\/pages\/7143","targetHints":{"allow":["GET"]}}],"collection":[{"href":"https:\/\/www.guidelondon.org.uk\/fr\/wp-json\/wp\/v2\/pages"}],"about":[{"href":"https:\/\/www.guidelondon.org.uk\/fr\/wp-json\/wp\/v2\/types\/page"}],"author":[{"embeddable":true,"href":"https:\/\/www.guidelondon.org.uk\/fr\/wp-json\/wp\/v2\/users\/1495"}],"replies":[{"embeddable":true,"href":"https:\/\/www.guidelondon.org.uk\/fr\/wp-json\/wp\/v2\/comments?post=7143"}],"version-history":[{"count":8,"href":"https:\/\/www.guidelondon.org.uk\/fr\/wp-json\/wp\/v2\/pages\/7143\/revisions"}],"predecessor-version":[{"id":15455,"href":"https:\/\/www.guidelondon.org.uk\/fr\/wp-json\/wp\/v2\/pages\/7143\/revisions\/15455"}],"wp:attachment":[{"href":"https:\/\/www.guidelondon.org.uk\/fr\/wp-json\/wp\/v2\/media?parent=7143"}],"curies":[{"name":"wp","href":"https:\/\/api.w.org\/{rel}","templated":true}]}}